{"id":16,"date":"2023-11-03T14:47:18","date_gmt":"2023-11-03T13:47:18","guid":{"rendered":"https:\/\/savoirsplus.info\/maintenance\/?page_id=16"},"modified":"2023-12-05T15:02:05","modified_gmt":"2023-12-05T14:02:05","slug":"notre-site-est-en-maintenance","status":"publish","type":"page","link":"https:\/\/savoirsplus.info\/maintenance\/","title":{"rendered":"Notre site est en maintenance"},"content":{"rendered":"\t\t<div data-elementor-type=\"wp-page\" data-elementor-id=\"16\" class=\"elementor elementor-16\" data-elementor-post-type=\"page\">\n\t\t\t\t<div class=\"elementor-element elementor-element-75b65cf e-flex e-con-boxed e-con e-parent\" data-id=\"75b65cf\" data-element_type=\"container\">\n\t\t\t\t\t<div class=\"e-con-inner\">\n\t\t\t\t<div class=\"elementor-element elementor-element-338e65c elementor-widget elementor-widget-image\" data-id=\"338e65c\" data-element_type=\"widget\" data-widget_type=\"image.default\">\n\t\t\t\t<div class=\"elementor-widget-container\">\n\t\t\t\t\t\t\t\t\t\t\t\t\t<img fetchpriority=\"high\" decoding=\"async\" width=\"453\" height=\"133\" src=\"https:\/\/savoirsplus.info\/maintenance\/wp-content\/uploads\/sites\/4\/2023\/11\/site-evolue.png\" class=\"attachment-large size-large wp-image-21\" alt=\"\" srcset=\"https:\/\/savoirsplus.info\/maintenance\/wp-content\/uploads\/sites\/4\/2023\/11\/site-evolue.png 453w, https:\/\/savoirsplus.info\/maintenance\/wp-content\/uploads\/sites\/4\/2023\/11\/site-evolue-300x88.png 300w\" sizes=\"(max-width: 453px) 100vw, 453px\" \/>\t\t\t\t\t\t\t\t\t\t\t\t\t<\/div>\n\t\t\t\t<\/div>\n\t\t\t\t<div class=\"elementor-element elementor-element-f3b3a9e elementor-widget elementor-widget-text-editor\" data-id=\"f3b3a9e\" data-element_type=\"widget\" data-widget_type=\"text-editor.default\">\n\t\t\t\t<div class=\"elementor-widget-container\">\n\t\t\t\t\t\t\t<h1 style=\"text-align: center;\"><strong><span style=\"color: #e8472b;\">Notre site EST en maintenance<\/span><\/strong><br><strong><span style=\"color: #10746e;\">on revient tr\u00e8s vite !<\/span><\/strong><\/h1>\t\t\t\t\t\t<\/div>\n\t\t\t\t<\/div>\n\t\t<div class=\"elementor-element elementor-element-8382010 e-flex e-con-boxed e-con e-child\" data-id=\"8382010\" data-element_type=\"container\">\n\t\t\t\t\t<div class=\"e-con-inner\">\n\t\t\t\t<div class=\"elementor-element elementor-element-0e4bbaf elementor-widget elementor-widget-image\" data-id=\"0e4bbaf\" data-element_type=\"widget\" data-widget_type=\"image.default\">\n\t\t\t\t<div class=\"elementor-widget-container\">\n\t\t\t\t\t\t\t\t\t\t\t\t\t<img decoding=\"async\" width=\"201\" height=\"192\" src=\"https:\/\/savoirsplus.info\/maintenance\/wp-content\/uploads\/sites\/4\/2023\/11\/Fichier-1.png\" class=\"attachment-large size-large wp-image-20\" alt=\"\" \/>\t\t\t\t\t\t\t\t\t\t\t\t\t<\/div>\n\t\t\t\t<\/div>\n\t\t\t\t<div class=\"elementor-element elementor-element-80b6f08 elementor-widget elementor-widget-text-editor\" data-id=\"80b6f08\" data-element_type=\"widget\" data-widget_type=\"text-editor.default\">\n\t\t\t\t<div class=\"elementor-widget-container\">\n\t\t\t\t\t\t\t<p style=\"text-align: center;\"><b>Notre service clients\u00a0<\/b><\/p><p style=\"text-align: center;\"><b>reste \u00e0 votre \u00e9coute<\/b><\/p><p style=\"text-align: center;\"><b>du lundi au vendredi<\/b><\/p><p style=\"text-align: center;\"><b>de 8h30 \u00e0 18h00<\/b><\/p>\t\t\t\t\t\t<\/div>\n\t\t\t\t<\/div>\n\t\t\t\t<div class=\"elementor-element elementor-element-72c3131 elementor-widget elementor-widget-image\" data-id=\"72c3131\" data-element_type=\"widget\" data-widget_type=\"image.default\">\n\t\t\t\t<div class=\"elementor-widget-container\">\n\t\t\t\t\t\t\t\t\t\t\t\t\t<img decoding=\"async\" width=\"300\" height=\"38\" src=\"https:\/\/savoirsplus.info\/maintenance\/wp-content\/uploads\/sites\/4\/2023\/11\/indigo_350_gris-300x381-1.png\" class=\"attachment-large size-large wp-image-19\" alt=\"\" \/>\t\t\t\t\t\t\t\t\t\t\t\t\t<\/div>\n\t\t\t\t<\/div>\n\t\t\t\t\t<\/div>\n\t\t\t\t<\/div>\n\t\t\t\t<div class=\"elementor-element elementor-element-702f476 elementor-widget elementor-widget-image\" data-id=\"702f476\" data-element_type=\"widget\" data-widget_type=\"image.default\">\n\t\t\t\t<div class=\"elementor-widget-container\">\n\t\t\t\t\t\t\t\t\t\t\t\t\t<img loading=\"lazy\" decoding=\"async\" width=\"800\" height=\"333\" src=\"https:\/\/savoirsplus.info\/maintenance\/wp-content\/uploads\/sites\/4\/2023\/11\/sitemaintenance-1024x426-1.jpg\" class=\"attachment-large size-large wp-image-18\" alt=\"\" srcset=\"https:\/\/savoirsplus.info\/maintenance\/wp-content\/uploads\/sites\/4\/2023\/11\/sitemaintenance-1024x426-1.jpg 1024w, https:\/\/savoirsplus.info\/maintenance\/wp-content\/uploads\/sites\/4\/2023\/11\/sitemaintenance-1024x426-1-300x125.jpg 300w, https:\/\/savoirsplus.info\/maintenance\/wp-content\/uploads\/sites\/4\/2023\/11\/sitemaintenance-1024x426-1-768x320.jpg 768w\" sizes=\"(max-width: 800px) 100vw, 800px\" \/>\t\t\t\t\t\t\t\t\t\t\t\t\t<\/div>\n\t\t\t\t<\/div>\n\t\t\t\t\t<\/div>\n\t\t\t\t<\/div>\n\t\t\t\t<\/div>\n\t\t","protected":false},"excerpt":{"rendered":"<p>Notre site EST en maintenanceon revient tr\u00e8s vite ! Notre service clients\u00a0 reste \u00e0 votre \u00e9coute du lundi au vendredi de 8h30 \u00e0 18h00<\/p>\n","protected":false},"author":2,"featured_media":0,"parent":0,"menu_order":0,"comment_status":"closed","ping_status":"closed","template":"","meta":{"_acf_changed":false,"footnotes":""},"class_list":["post-16","page","type-page","status-publish","hentry"],"acf":[],"_links":{"self":[{"href":"https:\/\/savoirsplus.info\/maintenance\/wp-json\/wp\/v2\/pages\/16","targetHints":{"allow":["GET"]}}],"collection":[{"href":"https:\/\/savoirsplus.info\/maintenance\/wp-json\/wp\/v2\/pages"}],"about":[{"href":"https:\/\/savoirsplus.info\/maintenance\/wp-json\/wp\/v2\/types\/page"}],"author":[{"embeddable":true,"href":"https:\/\/savoirsplus.info\/maintenance\/wp-json\/wp\/v2\/users\/2"}],"replies":[{"embeddable":true,"href":"https:\/\/savoirsplus.info\/maintenance\/wp-json\/wp\/v2\/comments?post=16"}],"version-history":[{"count":43,"href":"https:\/\/savoirsplus.info\/maintenance\/wp-json\/wp\/v2\/pages\/16\/revisions"}],"predecessor-version":[{"id":66,"href":"https:\/\/savoirsplus.info\/maintenance\/wp-json\/wp\/v2\/pages\/16\/revisions\/66"}],"wp:attachment":[{"href":"https:\/\/savoirsplus.info\/maintenance\/wp-json\/wp\/v2\/media?parent=16"}],"curies":[{"name":"wp","href":"https:\/\/api.w.org\/{rel}","templated":true}]}}